{"id":71,"date":"2023-12-18T13:39:08","date_gmt":"2023-12-18T12:39:08","guid":{"rendered":"https:\/\/moderaternabollebygd.se\/?page_id=71"},"modified":"2023-12-18T13:47:34","modified_gmt":"2023-12-18T12:47:34","slug":"moderat-politik-for-bollebygds-kommun","status":"publish","type":"page","link":"https:\/\/moderaternabollebygd.se\/?page_id=71","title":{"rendered":"Moderat politik f\u00f6r Bollebygds kommun"},"content":{"rendered":"\n<p><strong>Vi gick till val p\u00e5 f\u00f6ljande punkter, som vi nu driver i Bollebygds kommun:<\/strong><\/p>\n\n\n\n<p><strong>1. Skolan<\/strong><\/p>\n\n\n\n<p>Moderaterna vill ha en skola och barnomsorg som \u00e4r m\u00e5n om och tar alla barn och deras n\u00e4tverk p\u00e5 stort allvar. I Bollebygds kommun ska alla f\u00e5 mer kunskap i skolan. F\u00f6r att m\u00f6ta detta kr\u00e4vs att en ny skola, f\u00f6rskola och idrottshall i Bollebygd.<\/p>\n\n\n\n<p>Alla barn har r\u00e4tt att bli respekterade och bem\u00f6tta av en skola med v\u00e4lutbildade pedagoger.<\/p>\n\n\n\n<p><strong>2. F\u00f6retagen<\/strong><\/p>\n\n\n\n<p>Bollebygd skall vara en h\u00e5llbar tillv\u00e4xtkommun. Med en tydlig ledning och styrning, goda kommunikationer, fler bost\u00e4der, en bra service och ett starkt n\u00e4ringsliv vill vi skapa goda m\u00f6jligheter f\u00f6r en stark utveckling.<\/p>\n\n\n\n<p><strong>3. VA-fr\u00e5gan<\/strong><\/p>\n\n\n\n<p>Kommunen har den st\u00f6rsta investering den n\u00e5gonsin gjort, framf\u00f6r sig. Det \u00e4r VA-fr\u00e5gan, d\u00e4r vi vill dra en ny anslutningstunnel, via Hind\u00e5s\/Jord\u00e5s till H\u00e4rryda kommun och Gryab:s reningsverk.<\/p>\n\n\n\n<p><strong>4. Kollektivtrafik<\/strong><\/p>\n\n\n\n<p>Bollebygd beh\u00f6ver ha en utbyggd kollektivtrafk, som fungerar inom kommunen, men \u00e4ven att man ska ansluta till befintliga knutpunkter f\u00f6r att enkelt kunna f\u00e4rdas \u00f6ver kommungr\u00e4nsen. Detta inneb\u00e4r b\u00e4ttre anslutningar i v\u00e5ra mindre orter, T\u00f6llsj\u00f6, Olsfors\/Hultafors och Hind\u00e5s\/Jord\u00e5s och vi kommer att arbeta h\u00e5rt f\u00f6r att f\u00e5 den fr\u00e5gan l\u00f6st.<\/p>\n\n\n\n<p><strong>5. Utveckling<\/strong><\/p>\n\n\n\n<p>F\u00f6r att kunna utvecklas, som kommun, m\u00e5ste vi se till att det finns byggbar mark f\u00f6r f\u00f6retag men \u00e4ven f\u00f6r bost\u00e4der. Vi m\u00e5ste visa er gener\u00f6s inst\u00e4llning till bebyggelse p\u00e5 landsbygden.<\/p>\n\n\n\n<p><strong>6. Ekonomin<\/strong><\/p>\n\n\n\n<p>Vi beh\u00f6ver ordning och reda i kommunens ekonomi och h\u00e5lla kontroll p\u00e5 n\u00e4mndernas budgetar.<\/p>\n\n\n\n<p><\/p>\n\n\n\n<p><\/p>\n","protected":false},"excerpt":{"rendered":"<p>Vi gick till val p\u00e5 f\u00f6ljande punkter, som vi nu driver i Bollebygds kommun: 1. Skolan Moderaterna vill ha en skola och barnomsorg som \u00e4r m\u00e5n om och tar alla barn och deras n\u00e4tverk p\u00e5 stort allvar. I Bollebygds kommun ska alla f\u00e5 mer kunskap i skolan. F\u00f6r att m\u00f6ta detta kr\u00e4vs att en ny [&hellip;]<\/p>\n","protected":false},"author":3,"featured_media":0,"parent":0,"menu_order":0,"comment_status":"closed","ping_status":"closed","template":"","meta":{"_acf_changed":false,"footnotes":""},"subject":[],"class_list":["post-71","page","type-page","status-publish","hentry"],"acf":[],"_links":{"self":[{"href":"https:\/\/moderaternabollebygd.se\/index.php?rest_route=\/wp\/v2\/pages\/71","targetHints":{"allow":["GET"]}}],"collection":[{"href":"https:\/\/moderaternabollebygd.se\/index.php?rest_route=\/wp\/v2\/pages"}],"about":[{"href":"https:\/\/moderaternabollebygd.se\/index.php?rest_route=\/wp\/v2\/types\/page"}],"author":[{"embeddable":true,"href":"https:\/\/moderaternabollebygd.se\/index.php?rest_route=\/wp\/v2\/users\/3"}],"replies":[{"embeddable":true,"href":"https:\/\/moderaternabollebygd.se\/index.php?rest_route=%2Fwp%2Fv2%2Fcomments&post=71"}],"version-history":[{"count":2,"href":"https:\/\/moderaternabollebygd.se\/index.php?rest_route=\/wp\/v2\/pages\/71\/revisions"}],"predecessor-version":[{"id":80,"href":"https:\/\/moderaternabollebygd.se\/index.php?rest_route=\/wp\/v2\/pages\/71\/revisions\/80"}],"wp:attachment":[{"href":"https:\/\/moderaternabollebygd.se\/index.php?rest_route=%2Fwp%2Fv2%2Fmedia&parent=71"}],"wp:term":[{"taxonomy":"subject","embeddable":true,"href":"https:\/\/moderaternabollebygd.se\/index.php?rest_route=%2Fwp%2Fv2%2Fsubject&post=71"}],"curies":[{"name":"wp","href":"https:\/\/api.w.org\/{rel}","templated":true}]}}