{"id":30,"date":"2023-11-02T16:12:15","date_gmt":"2023-11-02T15:12:15","guid":{"rendered":"https:\/\/moderaternabollebygd.se\/?page_id=30"},"modified":"2025-11-29T20:10:42","modified_gmt":"2025-11-29T19:10:42","slug":"kontakta-oss","status":"publish","type":"page","link":"https:\/\/moderaternabollebygd.se\/?page_id=30","title":{"rendered":"Kontakta oss"},"content":{"rendered":"\n<p>Kontakta oss g\u00e4rna om det \u00e4r n\u00e5got du undrar \u00f6ver! L\u00e4ngst ned p\u00e5 sidan finns ocks\u00e5 l\u00e4nkar till v\u00e5ra sidor i sociala medier d\u00e4r du kan f\u00f6lja oss!<\/p>\n\n\n\n<p><strong>F\u00f6reningsordf\u00f6rande<br>Tomas Bed\u00f6<\/strong><br>telefon 0723-262641<br>e-post <a href=\"mailto:tomas.bedo@gmail.com\">tomas.bedo@gmail.com<\/a><\/p>\n\n\n\n<p><strong>Vice f\u00f6reningsordf\u00f6rande<br><\/strong>Monika Hansson<br>telefon 0723-321448<br>e-post <a href=\"mailto:tomas.bedo@bollebygd.se\">monika.hansson@bollebygd.se<\/a><\/p>\n\n\n\n<p><strong>2. vice ordf\u00f6rande i kommunstyrelsen<br>Stefan Hededal<\/strong><br>telefon 0703-245940<br>e-post <a href=\"mailto:stefan@hederdal.se\">stefan@hederdal.se<\/a><\/p>\n\n\n\n<p><\/p>\n","protected":false},"excerpt":{"rendered":"<p>Kontakta oss g\u00e4rna om det \u00e4r n\u00e5got du undrar \u00f6ver! L\u00e4ngst ned p\u00e5 sidan finns ocks\u00e5 l\u00e4nkar till v\u00e5ra sidor i sociala medier d\u00e4r du kan f\u00f6lja oss! F\u00f6reningsordf\u00f6randeTomas Bed\u00f6telefon 0723-262641e-post tomas.bedo@gmail.com Vice f\u00f6reningsordf\u00f6randeMonika Hanssontelefon 0723-321448e-post monika.hansson@bollebygd.se 2. vice ordf\u00f6rande i kommunstyrelsenStefan Hededaltelefon 0703-245940e-post stefan@hederdal.se<\/p>\n","protected":false},"author":3,"featured_media":0,"parent":0,"menu_order":0,"comment_status":"closed","ping_status":"closed","template":"","meta":{"_acf_changed":false,"footnotes":""},"subject":[],"class_list":["post-30","page","type-page","status-publish","hentry"],"acf":[],"_links":{"self":[{"href":"https:\/\/moderaternabollebygd.se\/index.php?rest_route=\/wp\/v2\/pages\/30","targetHints":{"allow":["GET"]}}],"collection":[{"href":"https:\/\/moderaternabollebygd.se\/index.php?rest_route=\/wp\/v2\/pages"}],"about":[{"href":"https:\/\/moderaternabollebygd.se\/index.php?rest_route=\/wp\/v2\/types\/page"}],"author":[{"embeddable":true,"href":"https:\/\/moderaternabollebygd.se\/index.php?rest_route=\/wp\/v2\/users\/3"}],"replies":[{"embeddable":true,"href":"https:\/\/moderaternabollebygd.se\/index.php?rest_route=%2Fwp%2Fv2%2Fcomments&post=30"}],"version-history":[{"count":5,"href":"https:\/\/moderaternabollebygd.se\/index.php?rest_route=\/wp\/v2\/pages\/30\/revisions"}],"predecessor-version":[{"id":122,"href":"https:\/\/moderaternabollebygd.se\/index.php?rest_route=\/wp\/v2\/pages\/30\/revisions\/122"}],"wp:attachment":[{"href":"https:\/\/moderaternabollebygd.se\/index.php?rest_route=%2Fwp%2Fv2%2Fmedia&parent=30"}],"wp:term":[{"taxonomy":"subject","embeddable":true,"href":"https:\/\/moderaternabollebygd.se\/index.php?rest_route=%2Fwp%2Fv2%2Fsubject&post=30"}],"curies":[{"name":"wp","href":"https:\/\/api.w.org\/{rel}","templated":true}]}}