{"id":25,"date":"2023-11-02T15:55:00","date_gmt":"2023-11-02T14:55:00","guid":{"rendered":"https:\/\/moderaternabollebygd.se\/?page_id=25"},"modified":"2025-10-06T20:52:51","modified_gmt":"2025-10-06T18:52:51","slug":"moderaterna-i-bollebygd","status":"publish","type":"page","link":"https:\/\/moderaternabollebygd.se\/","title":{"rendered":""},"content":{"rendered":"\n<p>Bollebygd \u00e4r en attraktiv kommun som kan erbjuda en bra och trygg skola, aktiv fritid och bra och trygga verksamheter f\u00f6r \u00e4ldre och yngre personer som beh\u00f6ver st\u00f6d i livet.<br><br>Vi Moderater vill forts\u00e4tta skapa f\u00f6ruts\u00e4ttningar f\u00f6r inv\u00e5nare och f\u00f6retag att utvecklas i kommunen. V\u00e5rt m\u00e5l \u00e4r att bli en f\u00f6rebild som en h\u00e5llbar tillv\u00e4xtkommun. En kommun f\u00f6r hoppfulla.<br><br><\/p>\n","protected":false},"excerpt":{"rendered":"<p>Bollebygd \u00e4r en attraktiv kommun som kan erbjuda en bra och trygg skola, aktiv fritid och bra och trygga verksamheter f\u00f6r \u00e4ldre och yngre personer som beh\u00f6ver st\u00f6d i livet. Vi Moderater vill forts\u00e4tta skapa f\u00f6ruts\u00e4ttningar f\u00f6r inv\u00e5nare och f\u00f6retag att utvecklas i kommunen. V\u00e5rt m\u00e5l \u00e4r att bli en f\u00f6rebild som en h\u00e5llbar tillv\u00e4xtkommun. [&hellip;]<\/p>\n","protected":false},"author":3,"featured_media":93,"parent":0,"menu_order":0,"comment_status":"closed","ping_status":"closed","template":"page-templates\/landing-page.php","meta":{"_acf_changed":false,"footnotes":""},"subject":[],"class_list":["post-25","page","type-page","status-publish","has-post-thumbnail","hentry"],"acf":[],"_links":{"self":[{"href":"https:\/\/moderaternabollebygd.se\/index.php?rest_route=\/wp\/v2\/pages\/25","targetHints":{"allow":["GET"]}}],"collection":[{"href":"https:\/\/moderaternabollebygd.se\/index.php?rest_route=\/wp\/v2\/pages"}],"about":[{"href":"https:\/\/moderaternabollebygd.se\/index.php?rest_route=\/wp\/v2\/types\/page"}],"author":[{"embeddable":true,"href":"https:\/\/moderaternabollebygd.se\/index.php?rest_route=\/wp\/v2\/users\/3"}],"replies":[{"embeddable":true,"href":"https:\/\/moderaternabollebygd.se\/index.php?rest_route=%2Fwp%2Fv2%2Fcomments&post=25"}],"version-history":[{"count":12,"href":"https:\/\/moderaternabollebygd.se\/index.php?rest_route=\/wp\/v2\/pages\/25\/revisions"}],"predecessor-version":[{"id":134,"href":"https:\/\/moderaternabollebygd.se\/index.php?rest_route=\/wp\/v2\/pages\/25\/revisions\/134"}],"wp:featuredmedia":[{"embeddable":true,"href":"https:\/\/moderaternabollebygd.se\/index.php?rest_route=\/wp\/v2\/media\/93"}],"wp:attachment":[{"href":"https:\/\/moderaternabollebygd.se\/index.php?rest_route=%2Fwp%2Fv2%2Fmedia&parent=25"}],"wp:term":[{"taxonomy":"subject","embeddable":true,"href":"https:\/\/moderaternabollebygd.se\/index.php?rest_route=%2Fwp%2Fv2%2Fsubject&post=25"}],"curies":[{"name":"wp","href":"https:\/\/api.w.org\/{rel}","templated":true}]}}